{"id":308,"date":"2020-01-13T11:17:52","date_gmt":"2020-01-13T11:17:52","guid":{"rendered":"https:\/\/demosites.io\/web-agency-gb\/?page_id=5"},"modified":"2022-04-01T15:16:09","modified_gmt":"2022-04-01T15:16:09","slug":"15c42-web-agency-gb-home","status":"publish","type":"page","link":"https:\/\/k-movil.com.mx\/","title":{"rendered":"Inicio"},"content":{"rendered":"\n<figure class=\"wp-block-image alignfull size-large\"><img loading=\"lazy\" decoding=\"async\" width=\"1024\" height=\"463\" src=\"https:\/\/k-movil.com.mx\/wp-content\/uploads\/2022\/03\/k-movil-pagina-web-2-16-1024x463.png\" alt=\"\" class=\"wp-image-408\" srcset=\"https:\/\/k-movil.com.mx\/wp-content\/uploads\/2022\/03\/k-movil-pagina-web-2-16-1024x463.png 1024w, https:\/\/k-movil.com.mx\/wp-content\/uploads\/2022\/03\/k-movil-pagina-web-2-16-300x136.png 300w, https:\/\/k-movil.com.mx\/wp-content\/uploads\/2022\/03\/k-movil-pagina-web-2-16-768x347.png 768w, https:\/\/k-movil.com.mx\/wp-content\/uploads\/2022\/03\/k-movil-pagina-web-2-16-1536x694.png 1536w, https:\/\/k-movil.com.mx\/wp-content\/uploads\/2022\/03\/k-movil-pagina-web-2-16.png 1920w\" sizes=\"auto, (max-width: 1024px) 100vw, 1024px\" \/><\/figure>\n\n\n\n<div style=\"height:100px\" aria-hidden=\"true\" class=\"wp-block-spacer\"><\/div>\n\n\n\n<div class=\"wp-block-columns is-layout-flex wp-container-core-columns-is-layout-9d6595d7 wp-block-columns-is-layout-flex\">\n<div class=\"wp-block-column is-layout-flow wp-block-column-is-layout-flow\">\n<div class=\"wp-block-image icon-style is-style-rounded\"><figure class=\"aligncenter size-large is-resized\"><img loading=\"lazy\" decoding=\"async\" src=\"https:\/\/k-movil.com.mx\/wp-content\/uploads\/2022\/02\/k-movil-pagina-web-2-11-3.png\" alt=\"\" class=\"wp-image-369\" width=\"102\" height=\"101\" title=\"\" srcset=\"https:\/\/k-movil.com.mx\/wp-content\/uploads\/2022\/02\/k-movil-pagina-web-2-11-3.png 358w, https:\/\/k-movil.com.mx\/wp-content\/uploads\/2022\/02\/k-movil-pagina-web-2-11-3-300x300.png 300w, https:\/\/k-movil.com.mx\/wp-content\/uploads\/2022\/02\/k-movil-pagina-web-2-11-3-150x150.png 150w\" sizes=\"auto, (max-width: 102px) 100vw, 102px\" \/><\/figure><\/div>\n\n\n\n<h3 class=\"has-text-align-center has-neve-text-color-color has-text-color wp-block-heading\">Internet Portatil<\/h3>\n\n\n\n<p class=\"has-text-align-center\">Llevate el internet donde quiera que estes, es f\u00e1cil preguntanos como lo puedes lograr.<\/p>\n\n\n\n<div style=\"height:20px\" aria-hidden=\"true\" class=\"wp-block-spacer\"><\/div>\n\n\n\n<p><\/p>\n<\/div>\n\n\n\n<div class=\"wp-block-column is-layout-flow wp-block-column-is-layout-flow\">\n<div class=\"wp-block-image icon-style is-style-rounded\"><figure class=\"aligncenter size-large is-resized\"><img loading=\"lazy\" decoding=\"async\" src=\"https:\/\/k-movil.com.mx\/wp-content\/uploads\/2022\/02\/k-movil-pagina-web-2-12-2.png\" alt=\"\" class=\"wp-image-368\" width=\"103\" height=\"103\" srcset=\"https:\/\/k-movil.com.mx\/wp-content\/uploads\/2022\/02\/k-movil-pagina-web-2-12-2.png 355w, https:\/\/k-movil.com.mx\/wp-content\/uploads\/2022\/02\/k-movil-pagina-web-2-12-2-300x300.png 300w, https:\/\/k-movil.com.mx\/wp-content\/uploads\/2022\/02\/k-movil-pagina-web-2-12-2-150x150.png 150w\" sizes=\"auto, (max-width: 103px) 100vw, 103px\" \/><\/figure><\/div>\n\n\n\n<h3 class=\"has-text-align-center has-neve-text-color-color has-text-color wp-block-heading\"><strong>Cobertura<\/strong><\/h3>\n\n\n\n<p class=\"has-text-align-center\">Gran Cobertura Regional, llegamos a las zonas apartadas que otras compa\u00f1ias no.<\/p>\n\n\n\n<div style=\"height:20px\" aria-hidden=\"true\" class=\"wp-block-spacer\"><\/div>\n<\/div>\n\n\n\n<div class=\"wp-block-column is-layout-flow wp-block-column-is-layout-flow\">\n<div class=\"wp-block-image icon-style is-style-rounded\"><figure class=\"aligncenter size-large is-resized\"><img loading=\"lazy\" decoding=\"async\" src=\"https:\/\/k-movil.com.mx\/wp-content\/uploads\/2022\/02\/k-movil-pagina-web-2-07-1.png\" alt=\"\" class=\"wp-image-370\" width=\"100\" height=\"99\" srcset=\"https:\/\/k-movil.com.mx\/wp-content\/uploads\/2022\/02\/k-movil-pagina-web-2-07-1.png 366w, https:\/\/k-movil.com.mx\/wp-content\/uploads\/2022\/02\/k-movil-pagina-web-2-07-1-300x300.png 300w, https:\/\/k-movil.com.mx\/wp-content\/uploads\/2022\/02\/k-movil-pagina-web-2-07-1-150x150.png 150w\" sizes=\"auto, (max-width: 100px) 100vw, 100px\" \/><\/figure><\/div>\n\n\n\n<h3 class=\"has-text-align-center has-neve-text-color-color has-text-color wp-block-heading\">Promociones<\/h3>\n\n\n\n<p class=\"has-text-align-center\">Aprovecha por tiempo limitado paquetes incre\u00edbles!<\/p>\n\n\n\n<div style=\"height:20px\" aria-hidden=\"true\" class=\"wp-block-spacer\"><\/div>\n<\/div>\n<\/div>\n\n\n\n<div style=\"height:80px\" aria-hidden=\"true\" class=\"wp-block-spacer\"><\/div>\n\n\n\n<div class=\"wp-block-cover alignfull\" style=\"min-height:600px;aspect-ratio:unset;\"><span aria-hidden=\"true\" class=\"has-nv-light-bg-background-color has-background-dim-100 wp-block-cover__gradient-background has-background-dim\"><\/span><div class=\"wp-block-cover__inner-container is-layout-flow wp-block-cover-is-layout-flow\">\n<div class=\"wp-block-group\"><div class=\"wp-block-group__inner-container is-layout-flow wp-block-group-is-layout-flow\">\n<div style=\"height:80px\" aria-hidden=\"true\" class=\"wp-block-spacer\"><\/div>\n\n\n\n<div class=\"wp-block-columns are-vertically-aligned-center is-layout-flex wp-container-core-columns-is-layout-9d6595d7 wp-block-columns-is-layout-flex\">\n<div class=\"wp-block-column is-vertically-aligned-center is-layout-flow wp-block-column-is-layout-flow\">\n<figure class=\"wp-block-image size-large\"><img loading=\"lazy\" decoding=\"async\" width=\"1024\" height=\"1024\" src=\"https:\/\/k-movil.com.mx\/wp-content\/uploads\/2022\/03\/cobertura-Kmovil_Mesa-de-trabajo-1-1024x1024.jpg\" alt=\"\" class=\"wp-image-410\" srcset=\"https:\/\/k-movil.com.mx\/wp-content\/uploads\/2022\/03\/cobertura-Kmovil_Mesa-de-trabajo-1-1024x1024.jpg 1024w, https:\/\/k-movil.com.mx\/wp-content\/uploads\/2022\/03\/cobertura-Kmovil_Mesa-de-trabajo-1-300x300.jpg 300w, https:\/\/k-movil.com.mx\/wp-content\/uploads\/2022\/03\/cobertura-Kmovil_Mesa-de-trabajo-1-150x150.jpg 150w, https:\/\/k-movil.com.mx\/wp-content\/uploads\/2022\/03\/cobertura-Kmovil_Mesa-de-trabajo-1-768x768.jpg 768w, https:\/\/k-movil.com.mx\/wp-content\/uploads\/2022\/03\/cobertura-Kmovil_Mesa-de-trabajo-1-1536x1536.jpg 1536w, https:\/\/k-movil.com.mx\/wp-content\/uploads\/2022\/03\/cobertura-Kmovil_Mesa-de-trabajo-1-2048x2048.jpg 2048w\" sizes=\"auto, (max-width: 1024px) 100vw, 1024px\" \/><\/figure>\n<\/div>\n\n\n\n<div class=\"wp-block-column is-vertically-aligned-center is-layout-flow wp-block-column-is-layout-flow\">\n<div style=\"height:20px\" aria-hidden=\"true\" class=\"wp-block-spacer\"><\/div>\n\n\n\n<h2 class=\"has-text-align-left has-neve-text-color-color has-text-color wp-block-heading\">Mejor Kobertura<\/h2>\n\n\n\n<p class=\"has-text-color has-text-align-left has-neve-text-color-color\"><p class=\"has-text-align-left has-neve-text-color-color has-text-color\" style=\"font-size:17px\">No te quedes sin internet por una mala se\u00f1al,\nllegamos hasta las zonas m\u00e1s alejadas de tu ciudad!<\/p><\/p>\n<\/div>\n<\/div>\n\n\n\n<div style=\"height:40px\" aria-hidden=\"true\" class=\"wp-block-spacer\"><\/div>\n<\/div><\/div>\n\n\n\n<p><\/p>\n<\/div><\/div>\n\n\n\n<div class=\"wp-block-cover alignfull\" style=\"min-height:600px;aspect-ratio:unset;\"><span aria-hidden=\"true\" class=\"has-nv-site-bg-background-color has-background-dim-100 wp-block-cover__gradient-background has-background-dim\"><\/span><div class=\"wp-block-cover__inner-container is-layout-flow wp-block-cover-is-layout-flow\">\n<div class=\"wp-block-group\"><div class=\"wp-block-group__inner-container is-layout-flow wp-block-group-is-layout-flow\">\n<div style=\"height:80px\" aria-hidden=\"true\" class=\"wp-block-spacer\"><\/div>\n\n\n\n<div class=\"wp-block-columns are-vertically-aligned-center is-layout-flex wp-container-core-columns-is-layout-9d6595d7 wp-block-columns-is-layout-flex\">\n<div class=\"wp-block-column is-vertically-aligned-center is-layout-flow wp-block-column-is-layout-flow\">\n<h2 class=\"has-text-align-right has-text-align-left has-neve-text-color-color has-text-color wp-block-heading\">Recarga en l\u00ednea<\/h2>\n\n\n\n<p class=\"has-text-color has-text-align-left has-neve-text-color-color\"><p class=\"has-text-align-left has-neve-text-color-color has-text-color\" style=\"font-size:17px\">Contamos con varios paquetes creados para cubrir tus necesidades espec\u00edficas, disponibles en todo momento para recargar cuando lo necesites! <\/p><\/p>\n\n\n\n<div class=\"wp-block-buttons is-content-justification-left is-content-justification-right is-layout-flex wp-container-core-buttons-is-layout-765c4724 wp-block-buttons-is-layout-flex\">\n<div class=\"wp-block-button is-style-primary\"><a class=\"wp-block-button__link has-nv-site-bg-color has-text-color has-background\" href=\"http:\/\/recargas.k-movil.com.mx\" style=\"background-color:#0368ff\">Recarga ya<\/a><\/div>\n<\/div>\n\n\n\n<div style=\"height:40px\" aria-hidden=\"true\" class=\"wp-block-spacer\"><\/div>\n<\/div>\n\n\n\n<div class=\"wp-block-column is-vertically-aligned-center is-layout-flow wp-block-column-is-layout-flow\">\n<figure class=\"wp-block-image size-full\"><img loading=\"lazy\" decoding=\"async\" width=\"604\" height=\"604\" src=\"https:\/\/k-movil.com.mx\/wp-content\/uploads\/2022\/03\/k-movil-pagina-web-2-17.png\" alt=\"\" class=\"wp-image-440\" srcset=\"https:\/\/k-movil.com.mx\/wp-content\/uploads\/2022\/03\/k-movil-pagina-web-2-17.png 604w, https:\/\/k-movil.com.mx\/wp-content\/uploads\/2022\/03\/k-movil-pagina-web-2-17-300x300.png 300w, https:\/\/k-movil.com.mx\/wp-content\/uploads\/2022\/03\/k-movil-pagina-web-2-17-150x150.png 150w\" sizes=\"auto, (max-width: 604px) 100vw, 604px\" \/><\/figure>\n<\/div>\n<\/div>\n\n\n\n<div style=\"height:40px\" aria-hidden=\"true\" class=\"wp-block-spacer\"><\/div>\n<\/div><\/div>\n<\/div><\/div>\n\n\n\n<div class=\"wp-block-cover alignfull\" style=\"min-height:600px;aspect-ratio:unset;\"><span aria-hidden=\"true\" class=\"has-nv-dark-bg-background-color has-background-dim-100 wp-block-cover__gradient-background has-background-dim\"><\/span><div class=\"wp-block-cover__inner-container is-layout-flow wp-block-cover-is-layout-flow\">\n<div class=\"wp-block-group\"><div class=\"wp-block-group__inner-container is-layout-flow wp-block-group-is-layout-flow\">\n<div style=\"height:80px\" aria-hidden=\"true\" class=\"wp-block-spacer\"><\/div>\n\n\n\n<div class=\"wp-block-columns are-vertically-aligned-center is-layout-flex wp-container-core-columns-is-layout-9d6595d7 wp-block-columns-is-layout-flex\">\n<div class=\"wp-block-column is-vertically-aligned-center is-layout-flow wp-block-column-is-layout-flow\">\n<figure class=\"wp-block-image size-full\"><img loading=\"lazy\" decoding=\"async\" width=\"601\" height=\"601\" src=\"https:\/\/k-movil.com.mx\/wp-content\/uploads\/2022\/03\/k-movil-pagina-web-12.png\" alt=\"\" class=\"wp-image-438\" srcset=\"https:\/\/k-movil.com.mx\/wp-content\/uploads\/2022\/03\/k-movil-pagina-web-12.png 601w, https:\/\/k-movil.com.mx\/wp-content\/uploads\/2022\/03\/k-movil-pagina-web-12-300x300.png 300w, https:\/\/k-movil.com.mx\/wp-content\/uploads\/2022\/03\/k-movil-pagina-web-12-150x150.png 150w\" sizes=\"auto, (max-width: 601px) 100vw, 601px\" \/><\/figure>\n<\/div>\n\n\n\n<div class=\"wp-block-column is-vertically-aligned-center is-layout-flow wp-block-column-is-layout-flow\">\n<div style=\"height:40px\" aria-hidden=\"true\" class=\"wp-block-spacer\"><\/div>\n\n\n\n<h2 class=\"has-text-align-left has-nv-text-dark-bg-color has-text-color wp-block-heading\">Permanece Konectado<\/h2>\n\n\n\n<p class=\"has-text-color has-text-align-left has-nv-text-dark-bg-color\"><p class=\"has-text-align-left has-nv-text-dark-bg-color has-text-color\" style=\"font-size:17px\">No pierdas comunicaci\u00f3n con tus amistades, gracias a los incre\u00edbles planes de Wifi M\u00f3vil para no perder la conexi\u00f3n en ning\u00fan momento.<\/p><\/p>\n<\/div>\n<\/div>\n\n\n\n<div style=\"height:50px\" aria-hidden=\"true\" class=\"wp-block-spacer\"><\/div>\n<\/div><\/div>\n<\/div><\/div>\n\n\n\n<div class=\"wp-block-cover alignfull\" style=\"min-height:300px;aspect-ratio:unset;\"><span aria-hidden=\"true\" class=\"has-nv-dark-bg-background-color has-background-dim-100 wp-block-cover__gradient-background has-background-dim\"><\/span><div class=\"wp-block-cover__inner-container is-layout-flow wp-block-cover-is-layout-flow\">\n<div style=\"height:140px\" aria-hidden=\"true\" class=\"wp-block-spacer\"><\/div>\n\n\n\n<h2 class=\"has-text-align-center has-nv-text-dark-bg-color has-text-color wp-block-heading\">T\u00fa tambi\u00e9n forma parte de nuestra Red<\/h2>\n\n\n\n<p class=\"has-text-align-center has-neve-link-color-color has-text-color\"><strong>Contrataciones \/ Soporte T\u00e9cnico<\/strong><\/p>\n\n\n\n<p class=\"has-text-align-center\">686 838 7778<\/p>\n\n\n\n<div style=\"height:140px\" aria-hidden=\"true\" class=\"wp-block-spacer\"><\/div>\n<\/div><\/div>\n","protected":false},"excerpt":{"rendered":"<p>Internet Portatil Llevate el internet donde quiera que estes, es f\u00e1cil preguntanos como lo puedes lograr. Cobertura Gran Cobertura Regional, llegamos a las zonas apartadas que otras compa\u00f1ias no. Promociones Aprovecha por tiempo limitado paquetes incre\u00edbles!<\/p>\n","protected":false},"author":1,"featured_media":0,"parent":0,"menu_order":0,"comment_status":"closed","ping_status":"closed","template":"","meta":{"neve_meta_sidebar":"default","neve_meta_container":"default","neve_meta_enable_content_width":"on","neve_meta_content_width":100,"neve_meta_title_alignment":"","neve_meta_author_avatar":"","neve_post_elements_order":"","neve_meta_disable_header":"","neve_meta_disable_footer":"","neve_meta_disable_title":"on","footnotes":""},"class_list":["post-308","page","type-page","status-publish","hentry"],"jetpack_sharing_enabled":true,"_links":{"self":[{"href":"https:\/\/k-movil.com.mx\/index.php\/wp-json\/wp\/v2\/pages\/308","targetHints":{"allow":["GET"]}}],"collection":[{"href":"https:\/\/k-movil.com.mx\/index.php\/wp-json\/wp\/v2\/pages"}],"about":[{"href":"https:\/\/k-movil.com.mx\/index.php\/wp-json\/wp\/v2\/types\/page"}],"author":[{"embeddable":true,"href":"https:\/\/k-movil.com.mx\/index.php\/wp-json\/wp\/v2\/users\/1"}],"replies":[{"embeddable":true,"href":"https:\/\/k-movil.com.mx\/index.php\/wp-json\/wp\/v2\/comments?post=308"}],"version-history":[{"count":36,"href":"https:\/\/k-movil.com.mx\/index.php\/wp-json\/wp\/v2\/pages\/308\/revisions"}],"predecessor-version":[{"id":441,"href":"https:\/\/k-movil.com.mx\/index.php\/wp-json\/wp\/v2\/pages\/308\/revisions\/441"}],"wp:attachment":[{"href":"https:\/\/k-movil.com.mx\/index.php\/wp-json\/wp\/v2\/media?parent=308"}],"curies":[{"name":"wp","href":"https:\/\/api.w.org\/{rel}","templated":true}]}}